{"id":1479,"date":"2023-12-01T14:14:56","date_gmt":"2023-12-01T20:14:56","guid":{"rendered":"https:\/\/dev.marcelakyngesburye.com\/?page_id=1479"},"modified":"2024-04-20T13:00:03","modified_gmt":"2024-04-20T18:00:03","slug":"future-events","status":"publish","type":"page","link":"https:\/\/dev.marcelakyngesburye.com\/es\/future-events\/","title":{"rendered":"Eventos futuros"},"content":{"rendered":"<div data-elementor-type=\"wp-page\" data-elementor-id=\"1479\" class=\"elementor elementor-1479\" data-elementor-post-type=\"page\">\n\t\t\t\t\t\t<section class=\"elementor-section elementor-top-section elementor-element elementor-element-52ff6f0 elementor-section-stretched elementor-section-full_width elementor-section-height-default elementor-section-height-default\" data-id=\"52ff6f0\" data-element_type=\"section\" data-settings=\"{&quot;stretch_section&quot;:&quot;section-stretched&quot;,&quot;background_background&quot;:&quot;classic&quot;}\">\n\t\t\t\t\t\t<div class=\"elementor-container elementor-column-gap-no\">\n\t\t\t\t\t<div class=\"elementor-column elementor-col-100 elementor-top-column elementor-element elementor-element-490180a\" data-id=\"490180a\" data-element_type=\"column\">\n\t\t\t<div class=\"elementor-widget-wrap elementor-element-populated\">\n\t\t\t\t\t\t<div class=\"elementor-element elementor-element-fada67c elementor-widget elementor-widget-template\" data-id=\"fada67c\" data-element_type=\"widget\" data-widget_type=\"template.default\">\n\t\t\t\t<div class=\"elementor-widget-container\">\n\t\t\t\t\t<div class=\"elementor-template\">\n\t\t\t\t\t<div data-elementor-type=\"section\" data-elementor-id=\"423\" class=\"elementor elementor-423\" data-elementor-post-type=\"elementor_library\">\n\t\t\t\t\t<div class=\"elementor-section-wrap\">\n\t\t\t\t\t\t\t\t<section class=\"elementor-section elementor-top-section elementor-element elementor-element-6bdade4 elementor-section-height-min-height elementor-section-stretched elementor-section-boxed elementor-section-height-default elementor-section-items-middle\" data-id=\"6bdade4\" data-element_type=\"section\" data-settings=\"{&quot;stretch_section&quot;:&quot;section-stretched&quot;,&quot;background_background&quot;:&quot;video&quot;,&quot;background_video_link&quot;:&quot;https:\\\/\\\/dev.marcelakyngesburye.com\\\/wp-content\\\/uploads\\\/2023\\\/11\\\/pexels-ilkin-abdullaev-12097121-720p.mp4&quot;}\">\n\t\t\t\t\t\t\t\t<div class=\"elementor-background-video-container elementor-hidden-phone\">\n\t\t\t\t\t\t\t\t\t\t\t\t\t<video class=\"elementor-background-video-hosted elementor-html5-video\" autoplay muted playsinline loop><\/video>\n\t\t\t\t\t\t\t\t\t\t\t<\/div>\n\t\t\t\t\t\t\t\t\t<div class=\"elementor-background-overlay\"><\/div>\n\t\t\t\t\t\t\t<div class=\"elementor-container elementor-column-gap-default\">\n\t\t\t\t\t<div class=\"elementor-column elementor-col-100 elementor-top-column elementor-element elementor-element-9fbae5b\" data-id=\"9fbae5b\" data-element_type=\"column\">\n\t\t\t<div class=\"elementor-widget-wrap elementor-element-populated\">\n\t\t\t\t\t\t<div class=\"elementor-element elementor-element-f2285a2 elementor-widget elementor-widget-heading\" data-id=\"f2285a2\" data-element_type=\"widget\" data-widget_type=\"heading.default\">\n\t\t\t\t<div class=\"elementor-widget-container\">\n\t\t\t<style>\/*! elementor - v3.21.0 - 18-04-2024 *\/\n.elementor-heading-title{padding:0;margin:0;line-height:1}.elementor-widget-heading .elementor-heading-title[class*=elementor-size-]>a{color:inherit;font-size:inherit;line-height:inherit}.elementor-widget-heading .elementor-heading-title.elementor-size-small{font-size:15px}.elementor-widget-heading .elementor-heading-title.elementor-size-medium{font-size:19px}.elementor-widget-heading .elementor-heading-title.elementor-size-large{font-size:29px}.elementor-widget-heading .elementor-heading-title.elementor-size-xl{font-size:39px}.elementor-widget-heading .elementor-heading-title.elementor-size-xxl{font-size:59px}<\/style><h2 class=\"elementor-heading-title elementor-size-default\">Eventos futuros<\/h2>\t\t<\/div>\n\t\t\t\t<\/div>\n\t\t\t\t<div class=\"elementor-element elementor-element-4afe471 elementor-align-center elementor-widget elementor-widget-button\" data-id=\"4afe471\" data-element_type=\"widget\" data-widget_type=\"button.default\">\n\t\t\t\t<div class=\"elementor-widget-container\">\n\t\t\t\t\t<div class=\"elementor-button-wrapper\">\n\t\t\t<a class=\"elementor-button elementor-button-link elementor-size-sm elementor-animation-bob\" href=\"https:\/\/app.acuityscheduling.com\/schedule.php?owner=16534444\" target=\"_blank\">\n\t\t\t\t\t\t<span class=\"elementor-button-content-wrapper\">\n\t\t\t\t\t\t\t\t\t<span class=\"elementor-button-text\">RESERVAR LLAMA AHORA<\/span>\n\t\t\t\t\t<\/span>\n\t\t\t\t\t<\/a>\n\t\t<\/div>\n\t\t\t\t<\/div>\n\t\t\t\t<\/div>\n\t\t\t\t\t<\/div>\n\t\t<\/div>\n\t\t\t\t\t<\/div>\n\t\t<\/section>\n\t\t\t\t\t\t\t<\/div>\n\t\t\t\t<\/div>\n\t\t\t\t<\/div>\n\t\t\t\t<\/div>\n\t\t\t\t<\/div>\n\t\t\t\t\t<\/div>\n\t\t<\/div>\n\t\t\t\t\t<\/div>\n\t\t<\/section>\n\t\t\t\t<section class=\"elementor-section elementor-top-section elementor-element elementor-element-7d55a86 elementor-section-stretched elementor-section-content-top elementor-section-boxed elementor-section-height-default elementor-section-height-default\" data-id=\"7d55a86\" data-element_type=\"section\" data-settings=\"{&quot;stretch_section&quot;:&quot;section-stretched&quot;,&quot;background_background&quot;:&quot;classic&quot;}\">\n\t\t\t\t\t\t\t<div class=\"elementor-background-overlay\"><\/div>\n\t\t\t\t\t\t\t<div class=\"elementor-container elementor-column-gap-default\">\n\t\t\t\t\t<div class=\"elementor-column elementor-col-100 elementor-top-column elementor-element elementor-element-bbe162e\" data-id=\"bbe162e\" data-element_type=\"column\" data-settings=\"{&quot;animation&quot;:&quot;none&quot;}\">\n\t\t\t<div class=\"elementor-widget-wrap elementor-element-populated\">\n\t\t\t\t\t\t<section class=\"elementor-section elementor-inner-section elementor-element elementor-element-a5723ec elementor-section-full_width elementor-section-height-default elementor-section-height-default\" data-id=\"a5723ec\" data-element_type=\"section\">\n\t\t\t\t\t\t<div class=\"elementor-container elementor-column-gap-default\">\n\t\t\t\t\t<div class=\"elementor-column elementor-col-50 elementor-inner-column elementor-element elementor-element-955adb1\" data-id=\"955adb1\" data-element_type=\"column\">\n\t\t\t<div class=\"elementor-widget-wrap elementor-element-populated\">\n\t\t\t\t\t\t<div class=\"elementor-element elementor-element-e18e01a elementor-widget elementor-widget-image\" data-id=\"e18e01a\" data-element_type=\"widget\" data-widget_type=\"image.default\">\n\t\t\t\t<div class=\"elementor-widget-container\">\n\t\t\t<style>\/*! elementor - v3.21.0 - 18-04-2024 *\/\n.elementor-widget-image{text-align:center}.elementor-widget-image a{display:inline-block}.elementor-widget-image a img[src$=\".svg\"]{width:48px}.elementor-widget-image img{vertical-align:middle;display:inline-block}<\/style>\t\t\t\t\t\t\t\t\t\t<img fetchpriority=\"high\" decoding=\"async\" width=\"1024\" height=\"682\" src=\"https:\/\/dev.marcelakyngesburye.com\/wp-content\/uploads\/2023\/12\/pexels-kampus-production-5940844-1024x682.jpg\" class=\"attachment-large size-large wp-image-1519\" alt=\"\" srcset=\"https:\/\/dev.marcelakyngesburye.com\/wp-content\/uploads\/2023\/12\/pexels-kampus-production-5940844-1024x682.jpg 1024w, https:\/\/dev.marcelakyngesburye.com\/wp-content\/uploads\/2023\/12\/pexels-kampus-production-5940844-300x200.jpg 300w, https:\/\/dev.marcelakyngesburye.com\/wp-content\/uploads\/2023\/12\/pexels-kampus-production-5940844-768x512.jpg 768w, https:\/\/dev.marcelakyngesburye.com\/wp-content\/uploads\/2023\/12\/pexels-kampus-production-5940844-600x400.jpg 600w, https:\/\/dev.marcelakyngesburye.com\/wp-content\/uploads\/2023\/12\/pexels-kampus-production-5940844.jpg 1280w\" sizes=\"(max-width: 1024px) 100vw, 1024px\" \/>\t\t\t\t\t\t\t\t\t\t\t\t\t<\/div>\n\t\t\t\t<\/div>\n\t\t\t\t\t<\/div>\n\t\t<\/div>\n\t\t\t\t<div class=\"elementor-column elementor-col-50 elementor-inner-column elementor-element elementor-element-cb386d7\" data-id=\"cb386d7\" data-element_type=\"column\">\n\t\t\t<div class=\"elementor-widget-wrap elementor-element-populated\">\n\t\t\t\t\t\t<div class=\"elementor-element elementor-element-668b689 elementor-widget elementor-widget-heading\" data-id=\"668b689\" data-element_type=\"widget\" data-widget_type=\"heading.default\">\n\t\t\t\t<div class=\"elementor-widget-container\">\n\t\t\t<h2 class=\"elementor-heading-title elementor-size-default\">Anticipar, Elevar, Participar<\/h2>\t\t<\/div>\n\t\t\t\t<\/div>\n\t\t\t\t<div class=\"elementor-element elementor-element-18eaeb6 elementor-widget elementor-widget-text-editor\" data-id=\"18eaeb6\" data-element_type=\"widget\" data-widget_type=\"text-editor.default\">\n\t\t\t\t<div class=\"elementor-widget-container\">\n\t\t\t<style>\/*! elementor - v3.21.0 - 18-04-2024 *\/\n.elementor-widget-text-editor.elementor-drop-cap-view-stacked .elementor-drop-cap{background-color:#69727d;color:#fff}.elementor-widget-text-editor.elementor-drop-cap-view-framed .elementor-drop-cap{color:#69727d;border:3px solid;background-color:transparent}.elementor-widget-text-editor:not(.elementor-drop-cap-view-default) .elementor-drop-cap{margin-top:8px}.elementor-widget-text-editor:not(.elementor-drop-cap-view-default) .elementor-drop-cap-letter{width:1em;height:1em}.elementor-widget-text-editor .elementor-drop-cap{float:left;text-align:center;line-height:1;font-size:50px}.elementor-widget-text-editor .elementor-drop-cap-letter{display:inline-block}<\/style>\t\t\t\t<p>Esperamos con ansias lo que sigue con Future Events de Marcela Kyngesburye. Anticipe talleres enriquecedores, reuniones transformadoras y oportunidades para mejorar su viaje personal. Est\u00e9 preparado para participar activamente en la configuraci\u00f3n de sus experiencias futuras. Explora los pr\u00f3ximos eventos y prep\u00e1rate para embarcarte en nuevas aventuras.<\/p>\t\t\t\t\t\t<\/div>\n\t\t\t\t<\/div>\n\t\t\t\t\t<\/div>\n\t\t<\/div>\n\t\t\t\t\t<\/div>\n\t\t<\/section>\n\t\t\t\t<section class=\"elementor-section elementor-inner-section elementor-element elementor-element-9f6eb9c elementor-section-full_width elementor-section-height-default elementor-section-height-default\" data-id=\"9f6eb9c\" data-element_type=\"section\">\n\t\t\t\t\t\t<div class=\"elementor-container elementor-column-gap-default\">\n\t\t\t\t\t<div class=\"elementor-column elementor-col-100 elementor-inner-column elementor-element elementor-element-b740e86\" data-id=\"b740e86\" data-element_type=\"column\">\n\t\t\t<div class=\"elementor-widget-wrap elementor-element-populated\">\n\t\t\t\t\t\t<div class=\"elementor-element elementor-element-5b4782e eael-fg-card-content-align-center elementor-widget elementor-widget-eael-filterable-gallery\" data-id=\"5b4782e\" data-element_type=\"widget\" data-settings=\"{&quot;photo_gallery&quot;:&quot;yes&quot;}\" data-widget_type=\"eael-filterable-gallery.default\">\n\t\t\t\t<div class=\"elementor-widget-container\">\n\t\t\t<style id=\"eael-fg-inline-css-5b4782e\">@media only screen and (max-width: 2399px) {\n\t\t\t\t\t.elementor-element.elementor-element-5b4782e .eael-filterable-gallery-item-wrap {\n\t\t\t\t\t        width: 33.333333333333%;\n\t\t\t\t\t    }\n\t\t\t\t\t}@media only screen and (max-width: 1024px) {\n\t\t\t\t\t.elementor-element.elementor-element-5b4782e  .eael-filterable-gallery-item-wrap {\n\t\t\t\t\t        width: 50%;\n\t\t\t\t\t    }\n\t\t\t\t\t}@media only screen and (max-width: 767px) {\n\t\t\t\t\t.elementor-element.elementor-element-5b4782e  .eael-filterable-gallery-item-wrap {\n\t\t\t\t\t        width: 100%;\n\t\t\t\t\t    }\n\t\t\t\t\t}<\/style>        <div id=\"eael-filter-gallery-wrapper-5b4782e\" class=\"eael-filter-gallery-wrapper\" data-layout-mode=\"card\" data-mfp_caption=\"\" data-breakpoints=\"{&quot;mobile&quot;:{&quot;label&quot;:&quot;M\\u00f3vil en Retrato&quot;,&quot;value&quot;:767,&quot;default_value&quot;:767,&quot;direction&quot;:&quot;max&quot;,&quot;is_enabled&quot;:true},&quot;mobile_extra&quot;:{&quot;label&quot;:&quot;M\\u00f3vil horizontal&quot;,&quot;value&quot;:880,&quot;default_value&quot;:880,&quot;direction&quot;:&quot;max&quot;,&quot;is_enabled&quot;:false},&quot;tablet&quot;:{&quot;label&quot;:&quot;Tableta vertical&quot;,&quot;value&quot;:1024,&quot;default_value&quot;:1024,&quot;direction&quot;:&quot;max&quot;,&quot;is_enabled&quot;:true},&quot;tablet_extra&quot;:{&quot;label&quot;:&quot;Tableta horizontal&quot;,&quot;value&quot;:1200,&quot;default_value&quot;:1200,&quot;direction&quot;:&quot;max&quot;,&quot;is_enabled&quot;:false},&quot;laptop&quot;:{&quot;label&quot;:&quot;Laptop&quot;,&quot;value&quot;:1366,&quot;default_value&quot;:1366,&quot;direction&quot;:&quot;max&quot;,&quot;is_enabled&quot;:false},&quot;widescreen&quot;:{&quot;label&quot;:&quot;Pantalla grande&quot;,&quot;value&quot;:2400,&quot;default_value&quot;:2400,&quot;direction&quot;:&quot;min&quot;,&quot;is_enabled&quot;:false}}\" data-default_control_key=\"0\" data-custom_default_control=\"1\">\n            \n            \n            <div class=\"eael-filter-gallery-container eael-filter-gallery-grid\" data-images-per-page=\"\" data-total-gallery-items=\"2\" data-nomore-item-text=\"\" data-settings=\"{&quot;grid_style&quot;:&quot;grid&quot;,&quot;popup&quot;:&quot;buttons&quot;,&quot;duration&quot;:500,&quot;gallery_enabled&quot;:&quot;yes&quot;,&quot;video_gallery_yt_privacy&quot;:&quot;&quot;,&quot;control_all_text&quot;:null,&quot;post_id&quot;:1479,&quot;widget_id&quot;:&quot;5b4782e&quot;}\" data-search-all=\"\" data-gallery-items=\"[&quot;\\u003Cdiv class=\\u0022eael-filterable-gallery-item-wrap\\u0022\\u003E\\n\\t\\t\\t\\t\\u003Cdiv class=\\u0022eael-gallery-grid-item\\u0022\\u003E\\u003Ca href=\\u0022#\\u0022\\u003E\\u003Cdiv class=\\u0022gallery-item-thumbnail-wrap\\u0022\\u003E\\u003Cimg src=\\u0022https:\\\/\\\/dev.marcelakyngesburye.com\\\/wp-content\\\/uploads\\\/2023\\\/10\\\/MidefulMovement.png\\u0022 data-lazy-src=\\u0022https:\\\/\\\/dev.marcelakyngesburye.com\\\/wp-content\\\/uploads\\\/2023\\\/10\\\/MidefulMovement.png\\u0022 alt=\\u0022\\u0022 class=\\u0022gallery-item-thumbnail\\u0022\\u003E\\u003C\\\/div\\u003E\\u003C\\\/a\\u003E\\u003Cdiv class=\\u0022gallery-item-caption-wrap caption-style-card \\u0022\\u003E\\u003Cdiv class=\\u0022gallery-item-caption-over\\u0022\\u003E\\u003Ca href=\\u0022#\\u0022\\u003E\\u003Ch5 class=\\u0022fg-item-title\\u0022\\u003EMindful Movement\\u003C\\\/h5\\u003E\\u003C\\\/a\\u003E\\u003Cdiv class=\\u0022fg-item-content\\u0022\\u003E\\u003Cdiv class=\\u0022wp-block-group is-layout-constrained wp-block-group-is-layout-constrained\\u0022\\u003E\\n\\u003Cdiv class=\\u0022wp-block-group__inner-container\\u0022\\u003E\\n\\u003Cdiv class=\\u0022wp-block-columns is-layout-flex wp-container-7 wp-block-columns-is-layout-flex\\u0022\\u003E\\n\\u003Cdiv class=\\u0022wp-block-column is-layout-flow wp-block-column-is-layout-flow\\u0022\\u003E\\n\\u003Cp\\u003ESession in progress\\u003C\\\/p\\u003E\\n\\u003C\\\/div\\u003E\\n\\u003C\\\/div\\u003E\\n\\u003C\\\/div\\u003E\\n\\u003C\\\/div\\u003E\\n\\u003C\\\/div\\u003E\\u003C\\\/div\\u003E\\u003C\\\/div\\u003E\\u003C\\\/a\\u003E\\u003C\\\/a\\u003E\\u003C\\\/div\\u003E\\u003C\\\/div\\u003E&quot;,&quot;\\u003Cdiv class=\\u0022eael-filterable-gallery-item-wrap\\u0022\\u003E\\n\\t\\t\\t\\t\\u003Cdiv class=\\u0022eael-gallery-grid-item\\u0022\\u003E\\u003Ca href=\\u0022https:\\\/\\\/zenleader.global\\\/febi-certification\\\/\\u0022\\u003E\\u003Cdiv class=\\u0022gallery-item-thumbnail-wrap\\u0022\\u003E\\u003Cimg src=\\u0022https:\\\/\\\/dev.marcelakyngesburye.com\\\/wp-content\\\/uploads\\\/2023\\\/10\\\/FEBI-4-up-arrow.jpg\\u0022 data-lazy-src=\\u0022https:\\\/\\\/dev.marcelakyngesburye.com\\\/wp-content\\\/uploads\\\/2023\\\/10\\\/FEBI-4-up-arrow.jpg\\u0022 alt=\\u0022\\u0022 class=\\u0022gallery-item-thumbnail\\u0022\\u003E\\u003C\\\/div\\u003E\\u003C\\\/a\\u003E\\u003Cdiv class=\\u0022gallery-item-caption-wrap caption-style-card \\u0022\\u003E\\u003Cdiv class=\\u0022gallery-item-caption-over\\u0022\\u003E\\u003Ca href=\\u0022https:\\\/\\\/zenleader.global\\\/febi-certification\\\/\\u0022\\u003E\\u003Ch5 class=\\u0022fg-item-title\\u0022\\u003EFEBI Certification\\u003C\\\/h5\\u003E\\u003C\\\/a\\u003E\\u003Cdiv class=\\u0022fg-item-content\\u0022\\u003E\\u003Cp\\u003ESession in Progress\\u003C\\\/p\\u003E\\n\\u003Cp\\u003EMore\u00a0\\u003Ca href=\\u0022https:\\\/\\\/zenleader.global\\\/febi-certification\\\/\\u0022 target=\\u0022_blank\\u0022 rel=\\u0022noreferrer noopener\\u0022\\u003Einfo\\u003C\\\/a\\u003E\u00a0\u00a0\\u003C\\\/p\\u003E\\n\\u003C\\\/div\\u003E\\u003C\\\/div\\u003E\\u003C\\\/div\\u003E\\u003C\\\/a\\u003E\\u003C\\\/a\\u003E\\u003C\\\/div\\u003E\\u003C\\\/div\\u003E&quot;]\" data-init-show=\"20\">\n                <div class=\"eael-filterable-gallery-item-wrap\">\n\t\t\t\t<div class=\"eael-gallery-grid-item\"><a href=\"#\"><div class=\"gallery-item-thumbnail-wrap\"><img decoding=\"async\" src=\"https:\/\/dev.marcelakyngesburye.com\/wp-content\/uploads\/2023\/10\/MidefulMovement.png\" data-lazy-src=\"https:\/\/dev.marcelakyngesburye.com\/wp-content\/uploads\/2023\/10\/MidefulMovement.png\" alt=\"\" class=\"gallery-item-thumbnail\"><\/div><\/a><div class=\"gallery-item-caption-wrap caption-style-card\"><div class=\"gallery-item-caption-over\"><a href=\"#\"><h5 class=\"fg-item-title\">Movimiento consciente<\/h5><\/a><div class=\"fg-item-content\"><div class=\"wp-block-group is-layout-constrained wp-block-group-is-layout-constrained\">\n<div class=\"wp-block-group__inner-container\">\n<div class=\"wp-block-columns is-layout-flex wp-container-7 wp-block-columns-is-layout-flex\">\n<div class=\"wp-block-column is-layout-flow wp-block-column-is-layout-flow\">\n<p>Sesi\u00f3n en curso<\/p>\n<\/div>\n<\/div>\n<\/div>\n<\/div>\n<\/div><\/div><\/div><\/a><\/a><\/div><\/div><div class=\"eael-filterable-gallery-item-wrap\">\n\t\t\t\t<div class=\"eael-gallery-grid-item\"><a href=\"https:\/\/zenleader.global\/febi-certification\/\"><div class=\"gallery-item-thumbnail-wrap\"><img decoding=\"async\" src=\"https:\/\/dev.marcelakyngesburye.com\/wp-content\/uploads\/2023\/10\/FEBI-4-up-arrow.jpg\" data-lazy-src=\"https:\/\/dev.marcelakyngesburye.com\/wp-content\/uploads\/2023\/10\/FEBI-4-up-arrow.jpg\" alt=\"\" class=\"gallery-item-thumbnail\"><\/div><\/a><div class=\"gallery-item-caption-wrap caption-style-card\"><div class=\"gallery-item-caption-over\"><a href=\"https:\/\/zenleader.global\/febi-certification\/\"><h5 class=\"fg-item-title\">Certificaci\u00f3n FEBI<\/h5><\/a><div class=\"fg-item-content\"><p>Sesi\u00f3n en curso<\/p>\n<p>M\u00e1s\u00a0<a href=\"https:\/\/zenleader.global\/febi-certification\/\" target=\"_blank\" rel=\"noreferrer noopener\">informaci\u00f3n<\/a>\u00a0\u00a0<\/p>\n<\/div><\/div><\/div><\/a><\/a><\/div><\/div>            <\/div>\n            \n                    <\/div>\n        \n        \t\t<\/div>\n\t\t\t\t<\/div>\n\t\t\t\t\t<\/div>\n\t\t<\/div>\n\t\t\t\t\t<\/div>\n\t\t<\/section>\n\t\t\t\t\t<\/div>\n\t\t<\/div>\n\t\t\t\t\t<\/div>\n\t\t<\/section>\n\t\t\t\t<section class=\"elementor-section elementor-top-section elementor-element elementor-element-0a56cd6 elementor-section-stretched elementor-section-boxed elementor-section-height-default elementor-section-height-default\" data-id=\"0a56cd6\" data-element_type=\"section\" data-settings=\"{&quot;stretch_section&quot;:&quot;section-stretched&quot;}\">\n\t\t\t\t\t\t<div class=\"elementor-container elementor-column-gap-no\">\n\t\t\t\t\t<div class=\"elementor-column elementor-col-100 elementor-top-column elementor-element elementor-element-00c883d\" data-id=\"00c883d\" data-element_type=\"column\">\n\t\t\t<div class=\"elementor-widget-wrap elementor-element-populated\">\n\t\t\t\t\t\t<div class=\"elementor-element elementor-element-086e8c0 elementor-widget elementor-widget-template\" data-id=\"086e8c0\" data-element_type=\"widget\" data-widget_type=\"template.default\">\n\t\t\t\t<div class=\"elementor-widget-container\">\n\t\t\t\t\t<div class=\"elementor-template\">\n\t\t\t\t\t<div data-elementor-type=\"section\" data-elementor-id=\"1090\" class=\"elementor elementor-1090\" data-elementor-post-type=\"elementor_library\">\n\t\t\t\t\t<div class=\"elementor-section-wrap\">\n\t\t\t\t\t\t\t\t<section class=\"elementor-section elementor-top-section elementor-element elementor-element-28e1db0 elementor-section-height-min-height elementor-section-stretched elementor-reverse-tablet elementor-reverse-mobile elementor-section-boxed elementor-section-height-default elementor-section-items-middle\" data-id=\"28e1db0\" data-element_type=\"section\" data-settings=\"{&quot;stretch_section&quot;:&quot;section-stretched&quot;,&quot;background_background&quot;:&quot;classic&quot;}\">\n\t\t\t\t\t\t\t<div class=\"elementor-background-overlay\"><\/div>\n\t\t\t\t\t\t\t<div class=\"elementor-container elementor-column-gap-default\">\n\t\t\t\t\t<div class=\"elementor-column elementor-col-50 elementor-top-column elementor-element elementor-element-c0c60e6\" data-id=\"c0c60e6\" data-element_type=\"column\">\n\t\t\t<div class=\"elementor-widget-wrap elementor-element-populated\">\n\t\t\t\t\t\t<div class=\"elementor-element elementor-element-41d0272 elementor-widget elementor-widget-heading\" data-id=\"41d0272\" data-element_type=\"widget\" data-widget_type=\"heading.default\">\n\t\t\t\t<div class=\"elementor-widget-container\">\n\t\t\t<h2 class=\"elementor-heading-title elementor-size-default\"><a href=\"http:\/\/bit.ly\/MarsBreakthroughCall\">Reserve su llamada de claridad GRATUITA HOY\u00a0<\/a><\/h2>\t\t<\/div>\n\t\t\t\t<\/div>\n\t\t\t\t<div class=\"elementor-element elementor-element-c487f20 elementor-widget elementor-widget-text-editor\" data-id=\"c487f20\" data-element_type=\"widget\" data-widget_type=\"text-editor.default\">\n\t\t\t\t<div class=\"elementor-widget-container\">\n\t\t\t\t\t\t\t<p>Simplemente use el enlace de arriba para programar un horario para hablar conmigo individualmente y obtener claridad sobre lo que es realmente importante para usted y cu\u00e1les son sus MEJORES pr\u00f3ximos pasos. \u00a1Deja de esperar y act\u00faa AHORA!<\/p>\t\t\t\t\t\t<\/div>\n\t\t\t\t<\/div>\n\t\t\t\t<div class=\"elementor-element elementor-element-56d86b9 elementor-mobile-align-center elementor-tablet-align-center elementor-widget elementor-widget-button\" data-id=\"56d86b9\" data-element_type=\"widget\" data-widget_type=\"button.default\">\n\t\t\t\t<div class=\"elementor-widget-container\">\n\t\t\t\t\t<div class=\"elementor-button-wrapper\">\n\t\t\t<a class=\"elementor-button elementor-button-link elementor-size-sm elementor-animation-bob\" href=\"https:\/\/app.acuityscheduling.com\/schedule.php?owner=16534444\" target=\"_blank\">\n\t\t\t\t\t\t<span class=\"elementor-button-content-wrapper\">\n\t\t\t\t\t\t\t\t\t<span class=\"elementor-button-text\">RESERVAR LLAMA AHORA<\/span>\n\t\t\t\t\t<\/span>\n\t\t\t\t\t<\/a>\n\t\t<\/div>\n\t\t\t\t<\/div>\n\t\t\t\t<\/div>\n\t\t\t\t\t<\/div>\n\t\t<\/div>\n\t\t\t\t<div class=\"elementor-column elementor-col-50 elementor-top-column elementor-element elementor-element-fa85bef\" data-id=\"fa85bef\" data-element_type=\"column\">\n\t\t\t<div class=\"elementor-widget-wrap elementor-element-populated\">\n\t\t\t\t\t\t<div class=\"elementor-element elementor-element-950c73f elementor-widget elementor-widget-image\" data-id=\"950c73f\" data-element_type=\"widget\" data-widget_type=\"image.default\">\n\t\t\t\t<div class=\"elementor-widget-container\">\n\t\t\t\t\t\t\t\t\t\t\t\t\t<img decoding=\"async\" width=\"939\" height=\"1024\" src=\"https:\/\/dev.marcelakyngesburye.com\/wp-content\/uploads\/2023\/11\/Firefly-2-1-939x1024.png\" class=\"attachment-large size-large wp-image-621\" alt=\"\" srcset=\"https:\/\/dev.marcelakyngesburye.com\/wp-content\/uploads\/2023\/11\/Firefly-2-1-939x1024.png 939w, https:\/\/dev.marcelakyngesburye.com\/wp-content\/uploads\/2023\/11\/Firefly-2-1-275x300.png 275w, https:\/\/dev.marcelakyngesburye.com\/wp-content\/uploads\/2023\/11\/Firefly-2-1-768x837.png 768w, https:\/\/dev.marcelakyngesburye.com\/wp-content\/uploads\/2023\/11\/Firefly-2-1-600x654.png 600w, https:\/\/dev.marcelakyngesburye.com\/wp-content\/uploads\/2023\/11\/Firefly-2-1.png 1218w\" sizes=\"(max-width: 939px) 100vw, 939px\" \/>\t\t\t\t\t\t\t\t\t\t\t\t\t<\/div>\n\t\t\t\t<\/div>\n\t\t\t\t\t<\/div>\n\t\t<\/div>\n\t\t\t\t\t<\/div>\n\t\t<\/section>\n\t\t\t\t\t\t\t<\/div>\n\t\t\t\t<\/div>\n\t\t\t\t<\/div>\n\t\t\t\t<\/div>\n\t\t\t\t<\/div>\n\t\t\t\t\t<\/div>\n\t\t<\/div>\n\t\t\t\t\t<\/div>\n\t\t<\/section>\n\t\t\t\t<\/div>","protected":false},"excerpt":{"rendered":"<p>Anticipate, Elevate, Participate Look forward to what&#8217;s next with Marcela Kyngesburye&#8217;s Future Events. Anticipate enriching workshops, transformative gatherings, and opportunities to elevate your personal journey. Be ready to actively participate in shaping your future experiences. Explore upcoming events and get ready to embark on new adventures. Mindful Movement Session in progress FEBI Certification Session in&#8230;<\/p>","protected":false},"author":4,"featured_media":0,"parent":0,"menu_order":0,"comment_status":"closed","ping_status":"closed","template":"","meta":{"inline_featured_image":false,"_kad_post_transparent":"","_kad_post_title":"hide","_kad_post_layout":"fullwidth","_kad_post_sidebar_id":"","_kad_post_content_style":"unboxed","_kad_post_vertical_padding":"hide","_kad_post_feature":"hide","_kad_post_feature_position":"","_kad_post_header":false,"_kad_post_footer":false,"footnotes":""},"_links":{"self":[{"href":"https:\/\/dev.marcelakyngesburye.com\/es\/wp-json\/wp\/v2\/pages\/1479"}],"collection":[{"href":"https:\/\/dev.marcelakyngesburye.com\/es\/wp-json\/wp\/v2\/pages"}],"about":[{"href":"https:\/\/dev.marcelakyngesburye.com\/es\/wp-json\/wp\/v2\/types\/page"}],"author":[{"embeddable":true,"href":"https:\/\/dev.marcelakyngesburye.com\/es\/wp-json\/wp\/v2\/users\/4"}],"replies":[{"embeddable":true,"href":"https:\/\/dev.marcelakyngesburye.com\/es\/wp-json\/wp\/v2\/comments?post=1479"}],"version-history":[{"count":10,"href":"https:\/\/dev.marcelakyngesburye.com\/es\/wp-json\/wp\/v2\/pages\/1479\/revisions"}],"predecessor-version":[{"id":2652,"href":"https:\/\/dev.marcelakyngesburye.com\/es\/wp-json\/wp\/v2\/pages\/1479\/revisions\/2652"}],"wp:attachment":[{"href":"https:\/\/dev.marcelakyngesburye.com\/es\/wp-json\/wp\/v2\/media?parent=1479"}],"curies":[{"name":"wp","href":"https:\/\/api.w.org\/{rel}","templated":true}]}}