{"id":205,"date":"2023-10-03T11:38:28","date_gmt":"2023-10-03T16:38:28","guid":{"rendered":"https:\/\/www.marcelakyngesburye.com\/?page_id=205"},"modified":"2023-12-14T10:44:51","modified_gmt":"2023-12-14T16:44:51","slug":"shop2","status":"publish","type":"page","link":"https:\/\/dev.marcelakyngesburye.com\/es\/services\/shop2\/","title":{"rendered":"Shop2"},"content":{"rendered":"<h2 class=\"wp-block-heading has-text-align-center\"><strong>MagHealy y Healy<\/strong><\/h2>\n\n\n\n<div class=\"wp-block-columns is-layout-flex wp-container-core-columns-is-layout-1 wp-block-columns-is-layout-flex\">\n<div class=\"wp-block-column is-layout-flow wp-block-column-is-layout-flow\">\n<figure class=\"wp-block-image size-large\"><img fetchpriority=\"high\" decoding=\"async\" width=\"1024\" height=\"1024\" src=\"https:\/\/www.marcelakyngesburye.com\/wp-content\/uploads\/2023\/10\/healy_sleep-1024x1024.jpg\" alt=\"\" class=\"wp-image-206\" srcset=\"https:\/\/dev.marcelakyngesburye.com\/wp-content\/uploads\/2023\/10\/healy_sleep-1024x1024.jpg 1024w, https:\/\/dev.marcelakyngesburye.com\/wp-content\/uploads\/2023\/10\/healy_sleep-300x300.jpg 300w, https:\/\/dev.marcelakyngesburye.com\/wp-content\/uploads\/2023\/10\/healy_sleep-100x100.jpg 100w, https:\/\/dev.marcelakyngesburye.com\/wp-content\/uploads\/2023\/10\/healy_sleep-600x600.jpg 600w, https:\/\/dev.marcelakyngesburye.com\/wp-content\/uploads\/2023\/10\/healy_sleep-150x150.jpg 150w, https:\/\/dev.marcelakyngesburye.com\/wp-content\/uploads\/2023\/10\/healy_sleep-768x768.jpg 768w, https:\/\/dev.marcelakyngesburye.com\/wp-content\/uploads\/2023\/10\/healy_sleep.jpg 1280w\" sizes=\"(max-width: 1024px) 100vw, 1024px\" \/><figcaption class=\"wp-element-caption\">Dormir<\/figcaption><\/figure>\n<\/div>\n\n\n\n<div class=\"wp-block-column is-layout-flow wp-block-column-is-layout-flow\">\n<figure class=\"wp-block-image size-large\"><img decoding=\"async\" width=\"1024\" height=\"1024\" src=\"https:\/\/www.marcelakyngesburye.com\/wp-content\/uploads\/2023\/10\/healy_sports-1-1024x1024.jpg\" alt=\"\" class=\"wp-image-208\" srcset=\"https:\/\/dev.marcelakyngesburye.com\/wp-content\/uploads\/2023\/10\/healy_sports-1-1024x1024.jpg 1024w, https:\/\/dev.marcelakyngesburye.com\/wp-content\/uploads\/2023\/10\/healy_sports-1-300x300.jpg 300w, https:\/\/dev.marcelakyngesburye.com\/wp-content\/uploads\/2023\/10\/healy_sports-1-100x100.jpg 100w, https:\/\/dev.marcelakyngesburye.com\/wp-content\/uploads\/2023\/10\/healy_sports-1-600x600.jpg 600w, https:\/\/dev.marcelakyngesburye.com\/wp-content\/uploads\/2023\/10\/healy_sports-1-150x150.jpg 150w, https:\/\/dev.marcelakyngesburye.com\/wp-content\/uploads\/2023\/10\/healy_sports-1-768x768.jpg 768w, https:\/\/dev.marcelakyngesburye.com\/wp-content\/uploads\/2023\/10\/healy_sports-1.jpg 1080w\" sizes=\"(max-width: 1024px) 100vw, 1024px\" \/><figcaption class=\"wp-element-caption\">Deportes<\/figcaption><\/figure>\n<\/div>\n\n\n\n<div class=\"wp-block-column is-layout-flow wp-block-column-is-layout-flow\">\n<figure class=\"wp-block-image size-large\"><img decoding=\"async\" width=\"1024\" height=\"1024\" src=\"https:\/\/www.marcelakyngesburye.com\/wp-content\/uploads\/2023\/10\/healy_env-1024x1024.jpg\" alt=\"\" class=\"wp-image-209\" srcset=\"https:\/\/dev.marcelakyngesburye.com\/wp-content\/uploads\/2023\/10\/healy_env-1024x1024.jpg 1024w, https:\/\/dev.marcelakyngesburye.com\/wp-content\/uploads\/2023\/10\/healy_env-300x300.jpg 300w, https:\/\/dev.marcelakyngesburye.com\/wp-content\/uploads\/2023\/10\/healy_env-100x100.jpg 100w, https:\/\/dev.marcelakyngesburye.com\/wp-content\/uploads\/2023\/10\/healy_env-600x600.jpg 600w, https:\/\/dev.marcelakyngesburye.com\/wp-content\/uploads\/2023\/10\/healy_env-150x150.jpg 150w, https:\/\/dev.marcelakyngesburye.com\/wp-content\/uploads\/2023\/10\/healy_env-768x768.jpg 768w, https:\/\/dev.marcelakyngesburye.com\/wp-content\/uploads\/2023\/10\/healy_env.jpg 1280w\" sizes=\"(max-width: 1024px) 100vw, 1024px\" \/><figcaption class=\"wp-element-caption\">Ambiente<\/figcaption><\/figure>\n<\/div>\n\n\n\n<div class=\"wp-block-column is-layout-flow wp-block-column-is-layout-flow\">\n<figure class=\"wp-block-image size-large\"><img loading=\"lazy\" decoding=\"async\" width=\"1024\" height=\"1024\" src=\"https:\/\/www.marcelakyngesburye.com\/wp-content\/uploads\/2023\/10\/healy_lifestyle-1024x1024.jpg\" alt=\"\" class=\"wp-image-210\" srcset=\"https:\/\/dev.marcelakyngesburye.com\/wp-content\/uploads\/2023\/10\/healy_lifestyle-1024x1024.jpg 1024w, https:\/\/dev.marcelakyngesburye.com\/wp-content\/uploads\/2023\/10\/healy_lifestyle-300x300.jpg 300w, https:\/\/dev.marcelakyngesburye.com\/wp-content\/uploads\/2023\/10\/healy_lifestyle-100x100.jpg 100w, https:\/\/dev.marcelakyngesburye.com\/wp-content\/uploads\/2023\/10\/healy_lifestyle-600x600.jpg 600w, https:\/\/dev.marcelakyngesburye.com\/wp-content\/uploads\/2023\/10\/healy_lifestyle-150x150.jpg 150w, https:\/\/dev.marcelakyngesburye.com\/wp-content\/uploads\/2023\/10\/healy_lifestyle-768x768.jpg 768w, https:\/\/dev.marcelakyngesburye.com\/wp-content\/uploads\/2023\/10\/healy_lifestyle.jpg 1080w\" sizes=\"(max-width: 1024px) 100vw, 1024px\" \/><figcaption class=\"wp-element-caption\">Estilo de vida<\/figcaption><\/figure>\n<\/div>\n<\/div>\n\n\n\n<p>\u00a1Consigue el tuyo hoy y empieza a disfrutar de sus beneficios!<\/p>\n\n\n\n<p>Reducir: dolor e inflamaci\u00f3n, estr\u00e9s y ansiedad.<\/p>\n\n\n\n<p>Incrementar: vitalidad y concentraci\u00f3n.<\/p>\n\n\n\n<p>Mejorar: sue\u00f1o, sistema inmunol\u00f3gico.<\/p>\n\n\n\n<div class=\"wp-block-columns is-layout-flex wp-container-core-columns-is-layout-2 wp-block-columns-is-layout-flex\">\n<div class=\"wp-block-column is-layout-flow wp-block-column-is-layout-flow\">\n<figure class=\"wp-block-image size-large\"><a href=\"https:\/\/mexico.healy.shop\/?partnername=1141-7808-8594\"><img loading=\"lazy\" decoding=\"async\" width=\"1024\" height=\"647\" src=\"https:\/\/www.marcelakyngesburye.com\/wp-content\/uploads\/2023\/10\/Mexico-1024x647.png\" alt=\"\" class=\"wp-image-211\" srcset=\"https:\/\/dev.marcelakyngesburye.com\/wp-content\/uploads\/2023\/10\/Mexico-1024x647.png 1024w, https:\/\/dev.marcelakyngesburye.com\/wp-content\/uploads\/2023\/10\/Mexico-600x379.png 600w, https:\/\/dev.marcelakyngesburye.com\/wp-content\/uploads\/2023\/10\/Mexico-300x189.png 300w, https:\/\/dev.marcelakyngesburye.com\/wp-content\/uploads\/2023\/10\/Mexico-768x485.png 768w, https:\/\/dev.marcelakyngesburye.com\/wp-content\/uploads\/2023\/10\/Mexico.png 1278w\" sizes=\"(max-width: 1024px) 100vw, 1024px\" \/><\/a><\/figure>\n\n\n\n<p class=\"has-text-align-center has-medium-font-size\"><a href=\"https:\/\/mexico.healy.shop\/?partnername=1141-7808-8594\">M\u00e9xico<\/a><\/p>\n<\/div>\n\n\n\n<div class=\"wp-block-column is-layout-flow wp-block-column-is-layout-flow\">\n<figure class=\"wp-block-image size-large\"><a href=\"https:\/\/us.healy.shop\/?partnername=1141-7808-8594\"><img loading=\"lazy\" decoding=\"async\" width=\"1024\" height=\"644\" src=\"https:\/\/www.marcelakyngesburye.com\/wp-content\/uploads\/2023\/10\/USA-1024x644.png\" alt=\"\" class=\"wp-image-212\" srcset=\"https:\/\/dev.marcelakyngesburye.com\/wp-content\/uploads\/2023\/10\/USA-1024x644.png 1024w, https:\/\/dev.marcelakyngesburye.com\/wp-content\/uploads\/2023\/10\/USA-600x377.png 600w, https:\/\/dev.marcelakyngesburye.com\/wp-content\/uploads\/2023\/10\/USA-300x189.png 300w, https:\/\/dev.marcelakyngesburye.com\/wp-content\/uploads\/2023\/10\/USA-768x483.png 768w, https:\/\/dev.marcelakyngesburye.com\/wp-content\/uploads\/2023\/10\/USA.png 1280w\" sizes=\"(max-width: 1024px) 100vw, 1024px\" \/><\/a><\/figure>\n\n\n\n<p class=\"has-text-align-center has-medium-font-size\"><a href=\"https:\/\/us.healy.shop\/?partnername=1141-7808-8594\">EE.UU<\/a><\/p>\n<\/div>\n<\/div>\n\n\n\n<div class=\"wp-block-columns is-layout-flex wp-container-core-columns-is-layout-3 wp-block-columns-is-layout-flex\">\n<div class=\"wp-block-column is-layout-flow wp-block-column-is-layout-flow\">\n<figure class=\"wp-block-image size-full is-resized\"><a href=\"https:\/\/www.healy.shop\/?partnername=1141-7808-8594\"><img loading=\"lazy\" decoding=\"async\" src=\"https:\/\/www.marcelakyngesburye.com\/wp-content\/uploads\/2023\/10\/world.png\" alt=\"\" class=\"wp-image-213\" style=\"width:321px;height:321px\" width=\"321\" height=\"321\" srcset=\"https:\/\/dev.marcelakyngesburye.com\/wp-content\/uploads\/2023\/10\/world.png 600w, https:\/\/dev.marcelakyngesburye.com\/wp-content\/uploads\/2023\/10\/world-300x300.png 300w, https:\/\/dev.marcelakyngesburye.com\/wp-content\/uploads\/2023\/10\/world-100x100.png 100w, https:\/\/dev.marcelakyngesburye.com\/wp-content\/uploads\/2023\/10\/world-150x150.png 150w\" sizes=\"(max-width: 321px) 100vw, 321px\" \/><\/a><\/figure>\n\n\n\n<p class=\"has-text-align-center has-medium-font-size\"><a href=\"https:\/\/www.healy.shop\/?partnername=1141-7808-8594\">Otros pa\u00edses<\/a><\/p>\n<\/div>\n\n\n\n<div class=\"wp-block-column is-layout-flow wp-block-column-is-layout-flow\">\n<p><\/p>\n\n\n\n<p><\/p>\n\n\n\n<p><\/p>\n\n\n\n<p class=\"has-text-align-center has-medium-font-size\">\u00bfPreguntas? concertar una cita con  <a href=\"http:\/\/bit.ly\/MarsBreakthroughCall\" target=\"_blank\" rel=\"noreferrer noopener\">marcela<\/a><\/p>\n<\/div>\n<\/div>\n\n\n\n<hr class=\"wp-block-separator has-alpha-channel-opacity\"\/>\n\n\n\n<h2 class=\"wp-block-heading has-text-align-center\"><strong>Aceites esenciales<\/strong><\/h2>\n\n\n\n<div class=\"wp-block-columns is-layout-flex wp-container-core-columns-is-layout-4 wp-block-columns-is-layout-flex\">\n<div class=\"wp-block-column is-layout-flow wp-block-column-is-layout-flow\">\n<figure class=\"wp-block-image size-large\"><img loading=\"lazy\" decoding=\"async\" width=\"1024\" height=\"1024\" src=\"https:\/\/www.marcelakyngesburye.com\/wp-content\/uploads\/2023\/10\/doterra_sleep-1024x1024.jpg\" alt=\"\" class=\"wp-image-214\" srcset=\"https:\/\/dev.marcelakyngesburye.com\/wp-content\/uploads\/2023\/10\/doterra_sleep-1024x1024.jpg 1024w, https:\/\/dev.marcelakyngesburye.com\/wp-content\/uploads\/2023\/10\/doterra_sleep-300x300.jpg 300w, https:\/\/dev.marcelakyngesburye.com\/wp-content\/uploads\/2023\/10\/doterra_sleep-100x100.jpg 100w, https:\/\/dev.marcelakyngesburye.com\/wp-content\/uploads\/2023\/10\/doterra_sleep-600x600.jpg 600w, https:\/\/dev.marcelakyngesburye.com\/wp-content\/uploads\/2023\/10\/doterra_sleep-150x150.jpg 150w, https:\/\/dev.marcelakyngesburye.com\/wp-content\/uploads\/2023\/10\/doterra_sleep-768x768.jpg 768w, https:\/\/dev.marcelakyngesburye.com\/wp-content\/uploads\/2023\/10\/doterra_sleep.jpg 1280w\" sizes=\"(max-width: 1024px) 100vw, 1024px\" \/><figcaption class=\"wp-element-caption\">Dormir<\/figcaption><\/figure>\n<\/div>\n\n\n\n<div class=\"wp-block-column is-layout-flow wp-block-column-is-layout-flow\">\n<figure class=\"wp-block-image size-large\"><img loading=\"lazy\" decoding=\"async\" width=\"1024\" height=\"1024\" src=\"https:\/\/www.marcelakyngesburye.com\/wp-content\/uploads\/2023\/10\/doterra_sports-1024x1024.jpg\" alt=\"\" class=\"wp-image-215\" srcset=\"https:\/\/dev.marcelakyngesburye.com\/wp-content\/uploads\/2023\/10\/doterra_sports-1024x1024.jpg 1024w, https:\/\/dev.marcelakyngesburye.com\/wp-content\/uploads\/2023\/10\/doterra_sports-300x300.jpg 300w, https:\/\/dev.marcelakyngesburye.com\/wp-content\/uploads\/2023\/10\/doterra_sports-100x100.jpg 100w, https:\/\/dev.marcelakyngesburye.com\/wp-content\/uploads\/2023\/10\/doterra_sports-600x600.jpg 600w, https:\/\/dev.marcelakyngesburye.com\/wp-content\/uploads\/2023\/10\/doterra_sports-150x150.jpg 150w, https:\/\/dev.marcelakyngesburye.com\/wp-content\/uploads\/2023\/10\/doterra_sports-768x768.jpg 768w, https:\/\/dev.marcelakyngesburye.com\/wp-content\/uploads\/2023\/10\/doterra_sports.jpg 1280w\" sizes=\"(max-width: 1024px) 100vw, 1024px\" \/><figcaption class=\"wp-element-caption\">Deportes<\/figcaption><\/figure>\n<\/div>\n\n\n\n<div class=\"wp-block-column is-layout-flow wp-block-column-is-layout-flow\">\n<figure class=\"wp-block-image size-large\"><img loading=\"lazy\" decoding=\"async\" width=\"1280\" height=\"1281\" src=\"https:\/\/www.marcelakyngesburye.com\/wp-content\/uploads\/2023\/10\/doterra_diffuser-edited.jpg\" alt=\"\" class=\"wp-image-218\" srcset=\"https:\/\/dev.marcelakyngesburye.com\/wp-content\/uploads\/2023\/10\/doterra_diffuser-edited.jpg 1280w, https:\/\/dev.marcelakyngesburye.com\/wp-content\/uploads\/2023\/10\/doterra_diffuser-edited-300x300.jpg 300w, https:\/\/dev.marcelakyngesburye.com\/wp-content\/uploads\/2023\/10\/doterra_diffuser-edited-100x100.jpg 100w, https:\/\/dev.marcelakyngesburye.com\/wp-content\/uploads\/2023\/10\/doterra_diffuser-edited-600x600.jpg 600w, https:\/\/dev.marcelakyngesburye.com\/wp-content\/uploads\/2023\/10\/doterra_diffuser-edited-1024x1024.jpg 1024w, https:\/\/dev.marcelakyngesburye.com\/wp-content\/uploads\/2023\/10\/doterra_diffuser-edited-150x150.jpg 150w, https:\/\/dev.marcelakyngesburye.com\/wp-content\/uploads\/2023\/10\/doterra_diffuser-edited-768x769.jpg 768w\" sizes=\"(max-width: 1280px) 100vw, 1280px\" \/><figcaption class=\"wp-element-caption\">Ambiente<\/figcaption><\/figure>\n<\/div>\n\n\n\n<div class=\"wp-block-column is-layout-flow wp-block-column-is-layout-flow\">\n<figure class=\"wp-block-image size-large\"><img loading=\"lazy\" decoding=\"async\" width=\"1024\" height=\"1024\" src=\"https:\/\/www.marcelakyngesburye.com\/wp-content\/uploads\/2023\/10\/doterra_lifestyle-1024x1024.jpg\" alt=\"\" class=\"wp-image-217\" srcset=\"https:\/\/dev.marcelakyngesburye.com\/wp-content\/uploads\/2023\/10\/doterra_lifestyle-1024x1024.jpg 1024w, https:\/\/dev.marcelakyngesburye.com\/wp-content\/uploads\/2023\/10\/doterra_lifestyle-300x300.jpg 300w, https:\/\/dev.marcelakyngesburye.com\/wp-content\/uploads\/2023\/10\/doterra_lifestyle-100x100.jpg 100w, https:\/\/dev.marcelakyngesburye.com\/wp-content\/uploads\/2023\/10\/doterra_lifestyle-600x600.jpg 600w, https:\/\/dev.marcelakyngesburye.com\/wp-content\/uploads\/2023\/10\/doterra_lifestyle-150x150.jpg 150w, https:\/\/dev.marcelakyngesburye.com\/wp-content\/uploads\/2023\/10\/doterra_lifestyle-768x768.jpg 768w, https:\/\/dev.marcelakyngesburye.com\/wp-content\/uploads\/2023\/10\/doterra_lifestyle.jpg 1280w\" sizes=\"(max-width: 1024px) 100vw, 1024px\" \/><figcaption class=\"wp-element-caption\">Estilo de vida<\/figcaption><\/figure>\n<\/div>\n<\/div>\n\n\n\n<p>Recupera tu salud<\/p>\n\n\n\n<p>\u00bfQu\u00e9 pasar\u00eda si tuvieras un estilo de vida m\u00e1s saludable?<\/p>\n\n\n\n<p>\u00bfC\u00f3mo te presentar\u00edas ante ti y los dem\u00e1s?<\/p>\n\n\n\n<p>\u00bfC\u00f3mo te sentir\u00edas si fueras la mejor versi\u00f3n de ti mismo cada d\u00eda?<\/p>\n\n\n\n<div class=\"wp-block-columns is-layout-flex wp-container-core-columns-is-layout-5 wp-block-columns-is-layout-flex\">\n<div class=\"wp-block-column is-layout-flow wp-block-column-is-layout-flow\">\n<p class=\"has-text-align-center has-medium-font-size\">Podr\u00edas <a href=\"https:\/\/referral.doterra.me\/6881323\">empezar hoy<\/a>?<\/p>\n<\/div>\n\n\n\n<div class=\"wp-block-column is-layout-flow wp-block-column-is-layout-flow\">\n<p class=\"has-text-align-center has-medium-font-size\"><a rel=\"noreferrer noopener\" href=\"http:\/\/bit.ly\/MarsBreakthroughCall\" target=\"_blank\">\u00bfPreguntas?<\/a><\/p>\n<\/div>\n<\/div>\n\n\n\n<hr class=\"wp-block-separator has-alpha-channel-opacity\"\/>\n\n\n\n<h2 class=\"wp-block-heading has-text-align-center\"><strong>Libros<\/strong><\/h2>\n\n\n\n<div class=\"wp-block-columns is-layout-flex wp-container-core-columns-is-layout-6 wp-block-columns-is-layout-flex\">\n<div class=\"wp-block-column is-layout-flow wp-block-column-is-layout-flow\">\n<figure class=\"wp-block-image size-large\"><a href=\"https:\/\/p-nt-www-amazon-com-kalias.amazon.com\/Lifes-Chrysalis-Stories-Transformation-Change-ebook\/dp\/B07PGB64BB\/ref=sr_1_2?qid=1696303851&amp;refinements=p_27%3AMARCELA+KYNGESBURYE&amp;s=books&amp;sr=1-2\"><img loading=\"lazy\" decoding=\"async\" width=\"688\" height=\"1024\" src=\"https:\/\/www.marcelakyngesburye.com\/wp-content\/uploads\/2023\/10\/Lifes_Chrysalis_cover-688x1024.png\" alt=\"\" class=\"wp-image-219\" srcset=\"https:\/\/dev.marcelakyngesburye.com\/wp-content\/uploads\/2023\/10\/Lifes_Chrysalis_cover-688x1024.png 688w, https:\/\/dev.marcelakyngesburye.com\/wp-content\/uploads\/2023\/10\/Lifes_Chrysalis_cover-600x893.png 600w, https:\/\/dev.marcelakyngesburye.com\/wp-content\/uploads\/2023\/10\/Lifes_Chrysalis_cover-202x300.png 202w, https:\/\/dev.marcelakyngesburye.com\/wp-content\/uploads\/2023\/10\/Lifes_Chrysalis_cover-768x1143.png 768w, https:\/\/dev.marcelakyngesburye.com\/wp-content\/uploads\/2023\/10\/Lifes_Chrysalis_cover.png 940w\" sizes=\"(max-width: 688px) 100vw, 688px\" \/><\/a><\/figure>\n\n\n\n<p class=\"has-text-align-center has-medium-font-size\"><a href=\"https:\/\/p-nt-www-amazon-com-kalias.amazon.com\/Lifes-Chrysalis-Stories-Transformation-Change-ebook\/dp\/B07PGB64BB\/ref=sr_1_2?qid=1696303851&amp;refinements=p_27%3AMARCELA+KYNGESBURYE&amp;s=books&amp;sr=1-2\">vol. 1<\/a><\/p>\n<\/div>\n\n\n\n<div class=\"wp-block-column is-layout-flow wp-block-column-is-layout-flow\">\n<figure class=\"wp-block-image size-large\"><a href=\"https:\/\/p-nt-www-amazon-com-kalias.amazon.com\/Lifes-Chrysalis-Stories-Transformation-Change\/dp\/B09YJ76T99\/ref=sr_1_1?qid=1696303851&amp;refinements=p_27%3AMARCELA+KYNGESBURYE&amp;s=books&amp;sr=1-1\"><img loading=\"lazy\" decoding=\"async\" width=\"683\" height=\"1024\" src=\"https:\/\/www.marcelakyngesburye.com\/wp-content\/uploads\/2023\/10\/Lifes_Chrysalis_v2_cover-683x1024.png\" alt=\"\" class=\"wp-image-220\" srcset=\"https:\/\/dev.marcelakyngesburye.com\/wp-content\/uploads\/2023\/10\/Lifes_Chrysalis_v2_cover-683x1024.png 683w, https:\/\/dev.marcelakyngesburye.com\/wp-content\/uploads\/2023\/10\/Lifes_Chrysalis_v2_cover-600x900.png 600w, https:\/\/dev.marcelakyngesburye.com\/wp-content\/uploads\/2023\/10\/Lifes_Chrysalis_v2_cover-200x300.png 200w, https:\/\/dev.marcelakyngesburye.com\/wp-content\/uploads\/2023\/10\/Lifes_Chrysalis_v2_cover-768x1152.png 768w, https:\/\/dev.marcelakyngesburye.com\/wp-content\/uploads\/2023\/10\/Lifes_Chrysalis_v2_cover.png 1000w\" sizes=\"(max-width: 683px) 100vw, 683px\" \/><\/a><\/figure>\n\n\n\n<p class=\"has-text-align-center has-medium-font-size\"><a href=\"https:\/\/p-nt-www-amazon-com-kalias.amazon.com\/Lifes-Chrysalis-Stories-Transformation-Change\/dp\/B09YJ76T99\/ref=sr_1_1?qid=1696303851&amp;refinements=p_27%3AMARCELA+KYNGESBURYE&amp;s=books&amp;sr=1-1\">vol. 2<\/a><\/p>\n<\/div>\n<\/div>\n\n\n\n<p class=\"has-medium-font-size\">La cris\u00e1lida de la vida: historias de transformaci\u00f3n y el poder del cambio, vol\u00famenes 1 y 2<\/p>\n\n\n\n<p>Estas narrativas personales describen v\u00edvidamente experiencias de vida transformadoras y su profundo impacto tanto en los autores como en sus comunidades. Si bien muchas historias profundizan en profundos desaf\u00edos emocionales, en \u00faltima instancia dan testimonio de una nueva esperanza y resiliencia. Estos autores, despu\u00e9s de haber superado sus propias adversidades, ahora tienden una mano a otros en viajes paralelos, fomentando un futuro m\u00e1s prometedor.<\/p>","protected":false},"excerpt":{"rendered":"<p>MagHealy &amp; Healy Get yours today and start enjoying its benefits! Reduce:&nbsp;&nbsp;pain &amp; inflammation,&nbsp;stress and anxiety Increase:&nbsp;vitality&nbsp;and&nbsp;focus Improve: sleep, immune system Mexico USA Other Countries Questions? make an appointment with Marcela Essential Oils Reclaim Your Health What would happen if you had a healthier lifestyle ? How would you show up for yourself and others?&#8230;<\/p>","protected":false},"author":2,"featured_media":0,"parent":232,"menu_order":0,"comment_status":"closed","ping_status":"closed","template":"","meta":{"inline_featured_image":false,"_kad_post_transparent":"","_kad_post_title":"","_kad_post_layout":"","_kad_post_sidebar_id":"","_kad_post_content_style":"","_kad_post_vertical_padding":"","_kad_post_feature":"","_kad_post_feature_position":"","_kad_post_header":false,"_kad_post_footer":false,"footnotes":""},"_links":{"self":[{"href":"https:\/\/dev.marcelakyngesburye.com\/es\/wp-json\/wp\/v2\/pages\/205"}],"collection":[{"href":"https:\/\/dev.marcelakyngesburye.com\/es\/wp-json\/wp\/v2\/pages"}],"about":[{"href":"https:\/\/dev.marcelakyngesburye.com\/es\/wp-json\/wp\/v2\/types\/page"}],"author":[{"embeddable":true,"href":"https:\/\/dev.marcelakyngesburye.com\/es\/wp-json\/wp\/v2\/users\/2"}],"replies":[{"embeddable":true,"href":"https:\/\/dev.marcelakyngesburye.com\/es\/wp-json\/wp\/v2\/comments?post=205"}],"version-history":[{"count":3,"href":"https:\/\/dev.marcelakyngesburye.com\/es\/wp-json\/wp\/v2\/pages\/205\/revisions"}],"predecessor-version":[{"id":2186,"href":"https:\/\/dev.marcelakyngesburye.com\/es\/wp-json\/wp\/v2\/pages\/205\/revisions\/2186"}],"up":[{"embeddable":true,"href":"https:\/\/dev.marcelakyngesburye.com\/es\/wp-json\/wp\/v2\/pages\/232"}],"wp:attachment":[{"href":"https:\/\/dev.marcelakyngesburye.com\/es\/wp-json\/wp\/v2\/media?parent=205"}],"curies":[{"name":"wp","href":"https:\/\/api.w.org\/{rel}","templated":true}]}}