{"id":97,"date":"2018-12-16T15:20:03","date_gmt":"2018-12-16T21:20:03","guid":{"rendered":"https:\/\/www.marcelakyngesburye.com\/?page_id=97"},"modified":"2023-10-03T10:43:11","modified_gmt":"2023-10-03T15:43:11","slug":"reinvent-yourself","status":"publish","type":"page","link":"https:\/\/dev.marcelakyngesburye.com\/es\/reinvent-yourself\/","title":{"rendered":"What does Reinvent Yourself look like?"},"content":{"rendered":"<p>&nbsp;<\/p>\n<table style=\"width: 100%;\" width=\"100%\">\n<tbody>\n<tr>\n<td style=\"width: 68.84273%;\" width=\"580px\"><img fetchpriority=\"high\" decoding=\"async\" class=\"alignnone wp-image-91\" src=\"https:\/\/www.marcelakyngesburye.com\/wp-content\/uploads\/2018\/12\/bliss.jpg\" alt=\"\" width=\"472\" height=\"263\" srcset=\"https:\/\/dev.marcelakyngesburye.com\/wp-content\/uploads\/2018\/12\/bliss.jpg 572w, https:\/\/dev.marcelakyngesburye.com\/wp-content\/uploads\/2018\/12\/bliss-300x167.jpg 300w\" sizes=\"(max-width: 472px) 100vw, 472px\" \/><\/td>\n<td style=\"text-align: center; width: 31.008902%;\"><span style=\"color: #226e93;\"><span style=\"font-size: 18pt;\">Bliss in All the Right Places: Reinvent Yourself in 90 days&nbsp;<\/span><\/span><\/td>\n<\/tr>\n<tr>\n<td style=\"width: 68.84273%;\" width=\"580px\"><img decoding=\"async\" class=\"wp-image-92 size-full\" src=\"https:\/\/www.marcelakyngesburye.com\/wp-content\/uploads\/2018\/12\/body.jpg\" alt=\"\" width=\"472\" height=\"354\" srcset=\"https:\/\/dev.marcelakyngesburye.com\/wp-content\/uploads\/2018\/12\/body.jpg 472w, https:\/\/dev.marcelakyngesburye.com\/wp-content\/uploads\/2018\/12\/body-300x225.jpg 300w\" sizes=\"(max-width: 472px) 100vw, 472px\" \/><\/td>\n<td style=\"width: 31.008902%;\">\n<p style=\"text-align: center;\"><span style=\"color: #226e93;\"><span style=\"font-size: 18pt;\">Joy in Your Bodies<\/span><\/span><\/p>\n<ul>\n<li>Physical<\/li>\n<li>Emotional<\/li>\n<li>Mental<\/li>\n<li>Spiritual<\/li>\n<\/ul>\n<\/td>\n<\/tr>\n<tr>\n<td style=\"width: 68.84273%;\" width=\"580px\"><img decoding=\"async\" class=\"wp-image-95 size-full\" src=\"https:\/\/www.marcelakyngesburye.com\/wp-content\/uploads\/2018\/12\/energy.jpg\" alt=\"\" width=\"472\" height=\"281\" srcset=\"https:\/\/dev.marcelakyngesburye.com\/wp-content\/uploads\/2018\/12\/energy.jpg 472w, https:\/\/dev.marcelakyngesburye.com\/wp-content\/uploads\/2018\/12\/energy-300x179.jpg 300w\" sizes=\"(max-width: 472px) 100vw, 472px\" \/><\/td>\n<td style=\"width: 31.008902%;\">\n<p style=\"text-align: center;\"><span style=\"color: #226e93;\"><span style=\"font-size: 18pt;\">Boost Your Energy Level<\/span><\/span><\/p>\n<ul>\n<li>Anger<\/li>\n<li>Fear<\/li>\n<li>Depression<\/li>\n<li>Anxiety<\/li>\n<\/ul>\n<\/td>\n<\/tr>\n<tr>\n<td style=\"width: 68.84273%;\" width=\"580px\"><img loading=\"lazy\" decoding=\"async\" class=\"wp-image-93 size-full\" src=\"https:\/\/www.marcelakyngesburye.com\/wp-content\/uploads\/2018\/12\/clean.jpg\" alt=\"\" width=\"472\" height=\"314\" srcset=\"https:\/\/dev.marcelakyngesburye.com\/wp-content\/uploads\/2018\/12\/clean.jpg 472w, https:\/\/dev.marcelakyngesburye.com\/wp-content\/uploads\/2018\/12\/clean-300x200.jpg 300w\" sizes=\"(max-width: 472px) 100vw, 472px\" \/><\/td>\n<td style=\"width: 31.008902%; text-align: center;\"><span style=\"color: #226e93;\"><span style=\"font-size: 18pt;\">Clean &amp; Energized<\/span><\/span>&nbsp;&nbsp;&nbsp;&nbsp;<\/p>\n<ul>\n<li style=\"text-align: left;\">Living Spaces<\/li>\n<li style=\"text-align: left;\">Relationships<\/li>\n<li style=\"text-align: left;\">Health<\/li>\n<li style=\"text-align: left;\">Prosperity<\/li>\n<\/ul>\n<\/td>\n<\/tr>\n<tr>\n<td style=\"width: 68.84273%;\" width=\"580px\"><img loading=\"lazy\" decoding=\"async\" class=\"wp-image-96 size-full\" src=\"https:\/\/www.marcelakyngesburye.com\/wp-content\/uploads\/2018\/12\/relationships.jpg\" alt=\"\" width=\"472\" height=\"284\" srcset=\"https:\/\/dev.marcelakyngesburye.com\/wp-content\/uploads\/2018\/12\/relationships.jpg 472w, https:\/\/dev.marcelakyngesburye.com\/wp-content\/uploads\/2018\/12\/relationships-300x181.jpg 300w\" sizes=\"(max-width: 472px) 100vw, 472px\" \/><\/td>\n<td style=\"width: 31.008902%;\">\n<p style=\"text-align: center;\"><span style=\"color: #226e93;\"><span style=\"font-size: 18pt;\">Ease in Your Relationships<\/span><\/span><\/p>\n<ul>\n<li>Yourself<\/li>\n<li>Partner<\/li>\n<li>Family<\/li>\n<li>Work<\/li>\n<\/ul>\n<\/td>\n<\/tr>\n<tr>\n<td style=\"width: 68.84273%;\"><img loading=\"lazy\" decoding=\"async\" class=\"alignnone wp-image-202\" src=\"https:\/\/www.marcelakyngesburye.com\/wp-content\/uploads\/2023\/10\/2024-300x160.jpg\" alt=\"\" width=\"472\" height=\"252\" srcset=\"https:\/\/dev.marcelakyngesburye.com\/wp-content\/uploads\/2023\/10\/2024-300x160.jpg 300w, https:\/\/dev.marcelakyngesburye.com\/wp-content\/uploads\/2023\/10\/2024-600x320.jpg 600w, https:\/\/dev.marcelakyngesburye.com\/wp-content\/uploads\/2023\/10\/2024.jpg 615w\" sizes=\"(max-width: 472px) 100vw, 472px\" \/><\/td>\n<td style=\"width: 31.008902%;\">\n<p style=\"text-align: center;\"><span style=\"color: #226e93;\"><span style=\"font-size: 18pt;\">Las Doce Noches Santas<\/span><\/span><\/p>\n<p>Ven y siembra las semillas del \u00e9xito !<\/p>\n<p>Prep\u00e1rate para crear el mejor 2024 !<\/p>\n<p>Qu\u00e9 posibilidades traer\u00e1n para t\u00ed estas 12 Noches?<\/td>\n<\/tr>\n<\/tbody>\n<\/table>","protected":false},"excerpt":{"rendered":"<p>&nbsp; Bliss in All the Right Places: Reinvent Yourself in 90 days&nbsp; Joy in Your Bodies Physical Emotional Mental Spiritual Boost Your Energy Level Anger Fear Depression Anxiety Clean &amp; Energized&nbsp;&nbsp;&nbsp;&nbsp; Living Spaces Relationships Health Prosperity Ease in Your Relationships Yourself Partner Family Work Las Doce Noches Santas Ven y siembra las semillas del \u00e9xito&#8230;<\/p>","protected":false},"author":3,"featured_media":0,"parent":0,"menu_order":0,"comment_status":"closed","ping_status":"closed","template":"","meta":{"inline_featured_image":false,"_kad_post_transparent":"","_kad_post_title":"","_kad_post_layout":"","_kad_post_sidebar_id":"","_kad_post_content_style":"","_kad_post_vertical_padding":"","_kad_post_feature":"","_kad_post_feature_position":"","_kad_post_header":false,"_kad_post_footer":false,"footnotes":""},"_links":{"self":[{"href":"https:\/\/dev.marcelakyngesburye.com\/es\/wp-json\/wp\/v2\/pages\/97"}],"collection":[{"href":"https:\/\/dev.marcelakyngesburye.com\/es\/wp-json\/wp\/v2\/pages"}],"about":[{"href":"https:\/\/dev.marcelakyngesburye.com\/es\/wp-json\/wp\/v2\/types\/page"}],"author":[{"embeddable":true,"href":"https:\/\/dev.marcelakyngesburye.com\/es\/wp-json\/wp\/v2\/users\/3"}],"replies":[{"embeddable":true,"href":"https:\/\/dev.marcelakyngesburye.com\/es\/wp-json\/wp\/v2\/comments?post=97"}],"version-history":[{"count":10,"href":"https:\/\/dev.marcelakyngesburye.com\/es\/wp-json\/wp\/v2\/pages\/97\/revisions"}],"predecessor-version":[{"id":204,"href":"https:\/\/dev.marcelakyngesburye.com\/es\/wp-json\/wp\/v2\/pages\/97\/revisions\/204"}],"wp:attachment":[{"href":"https:\/\/dev.marcelakyngesburye.com\/es\/wp-json\/wp\/v2\/media?parent=97"}],"curies":[{"name":"wp","href":"https:\/\/api.w.org\/{rel}","templated":true}]}}